{"id":21460,"date":"2025-11-10T11:24:07","date_gmt":"2025-11-10T08:24:07","guid":{"rendered":"https:\/\/www.lyrago.com.tr\/?product=b-04-tb-taba-sertifika-ve-menu-kabi-6218"},"modified":"2026-04-19T06:20:31","modified_gmt":"2026-04-19T03:20:31","slug":"b-04-tb-taba-sertifika-ve-menu-kabi-6218","status":"publish","type":"product","link":"https:\/\/www.lyrago.com.tr\/?product=b-04-tb-taba-sertifika-ve-menu-kabi-6218","title":{"rendered":"B-04-TB Taba Sertifika ve Men\u00fc Kab\u0131"},"content":{"rendered":"<ul>\n<li> Kapal\u0131 Ebat: 16.5 x 23.5 cm\n<li> A\u00e7\u0131k Ebat: 33 x 23.5 cm<\/li>\n<\/ul>\n","protected":false},"excerpt":{"rendered":"<p>Kapal\u0131 Ebat: 16.5 x 23.5 cm A\u00e7\u0131k Ebat: 33 x 23.5 cm<\/p>\n","protected":false},"featured_media":26647,"comment_status":"open","ping_status":"closed","template":"","meta":{"_monsterinsights_skip_tracking":false,"_monsterinsights_sitenote_active":false,"_monsterinsights_sitenote_note":"","_monsterinsights_sitenote_category":0},"product_brand":[],"product_cat":[217],"product_tag":[],"class_list":{"0":"post-21460","1":"product","2":"type-product","3":"status-publish","4":"has-post-thumbnail","6":"product_cat-karisik-urunler-137","7":"pa_ie-nt-ebat-165-x-235-cm","8":"pa_ie-nt-kirmizi-urun-hayir","9":"pa_ie-nt-renk-lacivert","10":"pa_ie-nt-renk-taba","11":"pa_ie-nt-uretim-hayir","13":"first","14":"instock","15":"taxable","16":"shipping-taxable","17":"purchasable","18":"product-type-variable","19":"has-default-attributes"},"aioseo_notices":[],"_links":{"self":[{"href":"https:\/\/www.lyrago.com.tr\/index.php?rest_route=\/wp\/v2\/product\/21460","targetHints":{"allow":["GET"]}}],"collection":[{"href":"https:\/\/www.lyrago.com.tr\/index.php?rest_route=\/wp\/v2\/product"}],"about":[{"href":"https:\/\/www.lyrago.com.tr\/index.php?rest_route=\/wp\/v2\/types\/product"}],"replies":[{"embeddable":true,"href":"https:\/\/www.lyrago.com.tr\/index.php?rest_route=%2Fwp%2Fv2%2Fcomments&post=21460"}],"wp:featuredmedia":[{"embeddable":true,"href":"https:\/\/www.lyrago.com.tr\/index.php?rest_route=\/wp\/v2\/media\/26647"}],"wp:attachment":[{"href":"https:\/\/www.lyrago.com.tr\/index.php?rest_route=%2Fwp%2Fv2%2Fmedia&parent=21460"}],"wp:term":[{"taxonomy":"product_brand","embeddable":true,"href":"https:\/\/www.lyrago.com.tr\/index.php?rest_route=%2Fwp%2Fv2%2Fproduct_brand&post=21460"},{"taxonomy":"product_cat","embeddable":true,"href":"https:\/\/www.lyrago.com.tr\/index.php?rest_route=%2Fwp%2Fv2%2Fproduct_cat&post=21460"},{"taxonomy":"product_tag","embeddable":true,"href":"https:\/\/www.lyrago.com.tr\/index.php?rest_route=%2Fwp%2Fv2%2Fproduct_tag&post=21460"}],"curies":[{"name":"wp","href":"https:\/\/api.w.org\/{rel}","templated":true}]}}