{"id":20992,"date":"2025-11-10T11:21:25","date_gmt":"2025-11-10T08:21:25","guid":{"rendered":"https:\/\/www.lyrago.com.tr\/?product=0507-ysl-yesil-plastik-kalem-13750"},"modified":"2026-04-20T11:09:32","modified_gmt":"2026-04-20T08:09:32","slug":"0507-ysl-yesil-plastik-kalem-13750","status":"publish","type":"product","link":"https:\/\/www.lyrago.com.tr\/?product=0507-ysl-yesil-plastik-kalem-13750","title":{"rendered":"0507-YSL Ye\u015fil Plastik Kalem"},"content":{"rendered":"<ul>\n<li> Mekanizma: Basmal\u0131\n<li> Bask\u0131: UV, Tampon\n<li> Paket Adeti: 100\n<li> Koli Adeti: 2000\n<li> Yerli \u00dcretim<\/li>\n<\/ul>\n","protected":false},"excerpt":{"rendered":"<p>Mekanizma: Basmal\u0131 Bask\u0131: UV, Tampon Paket Adeti: 100 Koli Adeti: 2000 Yerli \u00dcretim<\/p>\n","protected":false},"featured_media":25952,"comment_status":"open","ping_status":"closed","template":"","meta":{"_monsterinsights_skip_tracking":false,"_monsterinsights_sitenote_active":false,"_monsterinsights_sitenote_note":"","_monsterinsights_sitenote_category":0},"product_brand":[],"product_cat":[224],"product_tag":[],"class_list":{"0":"post-20992","1":"product","2":"type-product","3":"status-publish","4":"has-post-thumbnail","6":"product_cat-plastik-kalemler-83","7":"pa_ie-nt-kirmizi-urun-hayir","8":"pa_ie-nt-renk-gri","9":"pa_ie-nt-renk-kirmizi","10":"pa_ie-nt-renk-lacivert","11":"pa_ie-nt-renk-mavi","12":"pa_ie-nt-renk-mor","13":"pa_ie-nt-renk-sari","14":"pa_ie-nt-renk-siyah","15":"pa_ie-nt-renk-turkuaz","16":"pa_ie-nt-renk-turuncu","17":"pa_ie-nt-renk-yesil","18":"pa_ie-nt-uretim-evet","20":"first","21":"instock","22":"taxable","23":"shipping-taxable","24":"purchasable","25":"product-type-variable","26":"has-default-attributes"},"aioseo_notices":[],"_links":{"self":[{"href":"https:\/\/www.lyrago.com.tr\/index.php?rest_route=\/wp\/v2\/product\/20992","targetHints":{"allow":["GET"]}}],"collection":[{"href":"https:\/\/www.lyrago.com.tr\/index.php?rest_route=\/wp\/v2\/product"}],"about":[{"href":"https:\/\/www.lyrago.com.tr\/index.php?rest_route=\/wp\/v2\/types\/product"}],"replies":[{"embeddable":true,"href":"https:\/\/www.lyrago.com.tr\/index.php?rest_route=%2Fwp%2Fv2%2Fcomments&post=20992"}],"wp:featuredmedia":[{"embeddable":true,"href":"https:\/\/www.lyrago.com.tr\/index.php?rest_route=\/wp\/v2\/media\/25952"}],"wp:attachment":[{"href":"https:\/\/www.lyrago.com.tr\/index.php?rest_route=%2Fwp%2Fv2%2Fmedia&parent=20992"}],"wp:term":[{"taxonomy":"product_brand","embeddable":true,"href":"https:\/\/www.lyrago.com.tr\/index.php?rest_route=%2Fwp%2Fv2%2Fproduct_brand&post=20992"},{"taxonomy":"product_cat","embeddable":true,"href":"https:\/\/www.lyrago.com.tr\/index.php?rest_route=%2Fwp%2Fv2%2Fproduct_cat&post=20992"},{"taxonomy":"product_tag","embeddable":true,"href":"https:\/\/www.lyrago.com.tr\/index.php?rest_route=%2Fwp%2Fv2%2Fproduct_tag&post=20992"}],"curies":[{"name":"wp","href":"https:\/\/api.w.org\/{rel}","templated":true}]}}