{"id":20488,"date":"2025-11-10T11:19:15","date_gmt":"2025-11-10T08:19:15","guid":{"rendered":"https:\/\/www.lyrago.com.tr\/?product=v30-743-b-bronz-metalize-duvar-saati-15318"},"modified":"2026-04-19T06:31:15","modified_gmt":"2026-04-19T03:31:15","slug":"v30-743-b-bronz-metalize-duvar-saati-15318","status":"publish","type":"product","link":"https:\/\/www.lyrago.com.tr\/?product=v30-743-b-bronz-metalize-duvar-saati-15318","title":{"rendered":"V30-743-B Bronz Metalize Duvar Saati"},"content":{"rendered":"<ul>\n<li> Ebat: 40 cm\n<li> \u00c7er\u00e7eve: Metalize Plastik\n<li> Kadran: Bristol &#8211; Varak\n<li> Saniye: Akar\n<li> Cam: Mineral\n<li> Bask\u0131: UV, Serigrafi\n<li> Koli Adeti: 10<\/li>\n<\/ul>\n","protected":false},"excerpt":{"rendered":"<p>Ebat: 40 cm \u00c7er\u00e7eve: Metalize Plastik Kadran: Bristol &#8211; Varak Saniye: Akar Cam: Mineral Bask\u0131: UV, Serigrafi Koli Adeti: 10<\/p>\n","protected":false},"featured_media":25193,"comment_status":"open","ping_status":"closed","template":"","meta":{"_monsterinsights_skip_tracking":false,"_monsterinsights_sitenote_active":false,"_monsterinsights_sitenote_note":"","_monsterinsights_sitenote_category":0},"product_brand":[],"product_cat":[226],"product_tag":[],"class_list":{"0":"post-20488","1":"product","2":"type-product","3":"status-publish","4":"has-post-thumbnail","6":"product_cat-metalize-duvar-saatleri-8","7":"pa_ie-nt-ebat-o-40-cm","8":"pa_ie-nt-kirmizi-urun-hayir","9":"pa_ie-nt-renk-bronz","10":"pa_ie-nt-uretim-evet","12":"first","13":"instock","14":"taxable","15":"shipping-taxable","16":"purchasable","17":"product-type-simple"},"aioseo_notices":[],"_links":{"self":[{"href":"https:\/\/www.lyrago.com.tr\/index.php?rest_route=\/wp\/v2\/product\/20488","targetHints":{"allow":["GET"]}}],"collection":[{"href":"https:\/\/www.lyrago.com.tr\/index.php?rest_route=\/wp\/v2\/product"}],"about":[{"href":"https:\/\/www.lyrago.com.tr\/index.php?rest_route=\/wp\/v2\/types\/product"}],"replies":[{"embeddable":true,"href":"https:\/\/www.lyrago.com.tr\/index.php?rest_route=%2Fwp%2Fv2%2Fcomments&post=20488"}],"wp:featuredmedia":[{"embeddable":true,"href":"https:\/\/www.lyrago.com.tr\/index.php?rest_route=\/wp\/v2\/media\/25193"}],"wp:attachment":[{"href":"https:\/\/www.lyrago.com.tr\/index.php?rest_route=%2Fwp%2Fv2%2Fmedia&parent=20488"}],"wp:term":[{"taxonomy":"product_brand","embeddable":true,"href":"https:\/\/www.lyrago.com.tr\/index.php?rest_route=%2Fwp%2Fv2%2Fproduct_brand&post=20488"},{"taxonomy":"product_cat","embeddable":true,"href":"https:\/\/www.lyrago.com.tr\/index.php?rest_route=%2Fwp%2Fv2%2Fproduct_cat&post=20488"},{"taxonomy":"product_tag","embeddable":true,"href":"https:\/\/www.lyrago.com.tr\/index.php?rest_route=%2Fwp%2Fv2%2Fproduct_tag&post=20488"}],"curies":[{"name":"wp","href":"https:\/\/api.w.org\/{rel}","templated":true}]}}