{"id":20173,"date":"2025-11-10T11:17:46","date_gmt":"2025-11-10T08:17:46","guid":{"rendered":"https:\/\/www.lyrago.com.tr\/?product=florya-tb-taba-tarihsiz-cep-defter-15966"},"modified":"2026-04-19T06:59:25","modified_gmt":"2026-04-19T03:59:25","slug":"florya-tb-taba-tarihsiz-cep-defter-15966","status":"publish","type":"product","link":"https:\/\/www.lyrago.com.tr\/?product=florya-tb-taba-tarihsiz-cep-defter-15966","title":{"rendered":"Florya-TB Taba Tarihsiz Cep Defter"},"content":{"rendered":"<ul>\n<li> Deri: Termo\n<li> Ebat: 11.5 x 16.5 cm\n<li> Kapak: Yumu\u015fak, Esnek\n<li> Kalem Tutucu: Var\n<li> Elastik Bant: Var\n<li> Bask\u0131: Gofre, UV\n<li> Koli Adeti: 90\n<li> Sayfa Stili: \u00c7izgili\n<li> Sayfa Say\u0131s\u0131: 196\n<li> Ka\u011f\u0131t: 80 gram (Ivory) Krem<\/li>\n<\/ul>\n","protected":false},"excerpt":{"rendered":"<p>Deri: Termo Ebat: 11.5 x 16.5 cm Kapak: Yumu\u015fak, Esnek Kalem Tutucu: Var Elastik Bant: Var Bask\u0131: Gofre, UV Koli Adeti: 90 Sayfa Stili: \u00c7izgili Sayfa Say\u0131s\u0131: 196 Ka\u011f\u0131t: 80 gram (Ivory) Krem<\/p>\n","protected":false},"featured_media":24716,"comment_status":"open","ping_status":"closed","template":"","meta":{"_monsterinsights_skip_tracking":false,"_monsterinsights_sitenote_active":false,"_monsterinsights_sitenote_note":"","_monsterinsights_sitenote_category":0},"product_brand":[],"product_cat":[220],"product_tag":[],"class_list":{"0":"post-20173","1":"product","2":"type-product","3":"status-publish","4":"has-post-thumbnail","6":"product_cat-defterler-25","7":"pa_ie-nt-ebat-115-x-165-cm","8":"pa_ie-nt-kirmizi-urun-hayir","9":"pa_ie-nt-renk-gri","10":"pa_ie-nt-renk-kirmizi","11":"pa_ie-nt-renk-lacivert","12":"pa_ie-nt-renk-taba","13":"pa_ie-nt-renk-turkuaz","14":"pa_ie-nt-uretim-hayir","16":"first","17":"instock","18":"taxable","19":"shipping-taxable","20":"purchasable","21":"product-type-variable","22":"has-default-attributes"},"aioseo_notices":[],"_links":{"self":[{"href":"https:\/\/www.lyrago.com.tr\/index.php?rest_route=\/wp\/v2\/product\/20173","targetHints":{"allow":["GET"]}}],"collection":[{"href":"https:\/\/www.lyrago.com.tr\/index.php?rest_route=\/wp\/v2\/product"}],"about":[{"href":"https:\/\/www.lyrago.com.tr\/index.php?rest_route=\/wp\/v2\/types\/product"}],"replies":[{"embeddable":true,"href":"https:\/\/www.lyrago.com.tr\/index.php?rest_route=%2Fwp%2Fv2%2Fcomments&post=20173"}],"wp:featuredmedia":[{"embeddable":true,"href":"https:\/\/www.lyrago.com.tr\/index.php?rest_route=\/wp\/v2\/media\/24716"}],"wp:attachment":[{"href":"https:\/\/www.lyrago.com.tr\/index.php?rest_route=%2Fwp%2Fv2%2Fmedia&parent=20173"}],"wp:term":[{"taxonomy":"product_brand","embeddable":true,"href":"https:\/\/www.lyrago.com.tr\/index.php?rest_route=%2Fwp%2Fv2%2Fproduct_brand&post=20173"},{"taxonomy":"product_cat","embeddable":true,"href":"https:\/\/www.lyrago.com.tr\/index.php?rest_route=%2Fwp%2Fv2%2Fproduct_cat&post=20173"},{"taxonomy":"product_tag","embeddable":true,"href":"https:\/\/www.lyrago.com.tr\/index.php?rest_route=%2Fwp%2Fv2%2Fproduct_tag&post=20173"}],"curies":[{"name":"wp","href":"https:\/\/api.w.org\/{rel}","templated":true}]}}