{"id":20144,"date":"2025-11-10T11:17:40","date_gmt":"2025-11-10T08:17:40","guid":{"rendered":"https:\/\/www.lyrago.com.tr\/?product=0522-280-s-siyah-tohumlu-tukenmez-kalem-16099"},"modified":"2026-04-19T03:10:12","modified_gmt":"2026-04-19T00:10:12","slug":"0522-280-s-siyah-tohumlu-tukenmez-kalem-16099","status":"publish","type":"product","link":"https:\/\/www.lyrago.com.tr\/?product=0522-280-s-siyah-tohumlu-tukenmez-kalem-16099","title":{"rendered":"0522-280-S Siyah Tohumlu T\u00fckenmez Kalem"},"content":{"rendered":"<ul>\n<li> Geri D\u00f6n\u00fc\u015f\u00fcm\n<li> Mekanizma: Basmal\u0131\n<li> Tohum: Kara\u00e7am\n<li> K\u0131l\u0131f: Geri D\u00f6n\u00fc\u015f\u00fcm\n<li> Bask\u0131: UV, Tampon<\/li>\n<\/ul>\n","protected":false},"excerpt":{"rendered":"<p>Geri D\u00f6n\u00fc\u015f\u00fcm Mekanizma: Basmal\u0131 Tohum: Kara\u00e7am K\u0131l\u0131f: Geri D\u00f6n\u00fc\u015f\u00fcm Bask\u0131: UV, Tampon<\/p>\n","protected":false},"featured_media":24671,"comment_status":"open","ping_status":"closed","template":"","meta":{"_monsterinsights_skip_tracking":false,"_monsterinsights_sitenote_active":false,"_monsterinsights_sitenote_note":"","_monsterinsights_sitenote_category":0},"product_brand":[],"product_cat":[225],"product_tag":[],"class_list":{"0":"post-20144","1":"product","2":"type-product","3":"status-publish","4":"has-post-thumbnail","6":"product_cat-doga-dostu-kalemler-119","7":"pa_ie-nt-kirmizi-urun-evet","8":"pa_ie-nt-renk-siyah","9":"pa_ie-nt-renk-turuncu","10":"pa_ie-nt-uretim-hayir","12":"first","13":"instock","14":"taxable","15":"shipping-taxable","16":"purchasable","17":"product-type-variable","18":"has-default-attributes"},"aioseo_notices":[],"_links":{"self":[{"href":"https:\/\/www.lyrago.com.tr\/index.php?rest_route=\/wp\/v2\/product\/20144","targetHints":{"allow":["GET"]}}],"collection":[{"href":"https:\/\/www.lyrago.com.tr\/index.php?rest_route=\/wp\/v2\/product"}],"about":[{"href":"https:\/\/www.lyrago.com.tr\/index.php?rest_route=\/wp\/v2\/types\/product"}],"replies":[{"embeddable":true,"href":"https:\/\/www.lyrago.com.tr\/index.php?rest_route=%2Fwp%2Fv2%2Fcomments&post=20144"}],"wp:featuredmedia":[{"embeddable":true,"href":"https:\/\/www.lyrago.com.tr\/index.php?rest_route=\/wp\/v2\/media\/24671"}],"wp:attachment":[{"href":"https:\/\/www.lyrago.com.tr\/index.php?rest_route=%2Fwp%2Fv2%2Fmedia&parent=20144"}],"wp:term":[{"taxonomy":"product_brand","embeddable":true,"href":"https:\/\/www.lyrago.com.tr\/index.php?rest_route=%2Fwp%2Fv2%2Fproduct_brand&post=20144"},{"taxonomy":"product_cat","embeddable":true,"href":"https:\/\/www.lyrago.com.tr\/index.php?rest_route=%2Fwp%2Fv2%2Fproduct_cat&post=20144"},{"taxonomy":"product_tag","embeddable":true,"href":"https:\/\/www.lyrago.com.tr\/index.php?rest_route=%2Fwp%2Fv2%2Fproduct_tag&post=20144"}],"curies":[{"name":"wp","href":"https:\/\/api.w.org\/{rel}","templated":true}]}}