{"id":20096,"date":"2025-11-10T11:17:30","date_gmt":"2025-11-10T08:17:30","guid":{"rendered":"https:\/\/www.lyrago.com.tr\/?product=3654-k-kirmizi-french-press-termos-16193"},"modified":"2026-04-19T09:43:53","modified_gmt":"2026-04-19T06:43:53","slug":"3654-k-kirmizi-french-press-termos-16193","status":"publish","type":"product","link":"https:\/\/www.lyrago.com.tr\/?product=3654-k-kirmizi-french-press-termos-16193","title":{"rendered":"3654-K K\u0131rm\u0131z\u0131 French Press Termos"},"content":{"rendered":"<ul>\n<li> French Press\n<li> Ebat: 8 x 20 cm<\/li>\n<\/ul>\n","protected":false},"excerpt":{"rendered":"<p>French Press Ebat: 8 x 20 cm<\/p>\n","protected":false},"featured_media":24619,"comment_status":"open","ping_status":"closed","template":"","meta":{"_monsterinsights_skip_tracking":false,"_monsterinsights_sitenote_active":false,"_monsterinsights_sitenote_note":"","_monsterinsights_sitenote_category":0},"product_brand":[],"product_cat":[203],"product_tag":[],"class_list":{"0":"post-20096","1":"product","2":"type-product","3":"status-publish","4":"has-post-thumbnail","6":"product_cat-termoslar-23","7":"pa_ie-nt-ebat-500-ml","8":"pa_ie-nt-kirmizi-urun-hayir","9":"pa_ie-nt-renk-beyaz","10":"pa_ie-nt-renk-gumus","11":"pa_ie-nt-renk-kirmizi","12":"pa_ie-nt-renk-lacivert","13":"pa_ie-nt-uretim-hayir","15":"first","16":"instock","17":"taxable","18":"shipping-taxable","19":"purchasable","20":"product-type-variable","21":"has-default-attributes"},"aioseo_notices":[],"_links":{"self":[{"href":"https:\/\/www.lyrago.com.tr\/index.php?rest_route=\/wp\/v2\/product\/20096","targetHints":{"allow":["GET"]}}],"collection":[{"href":"https:\/\/www.lyrago.com.tr\/index.php?rest_route=\/wp\/v2\/product"}],"about":[{"href":"https:\/\/www.lyrago.com.tr\/index.php?rest_route=\/wp\/v2\/types\/product"}],"replies":[{"embeddable":true,"href":"https:\/\/www.lyrago.com.tr\/index.php?rest_route=%2Fwp%2Fv2%2Fcomments&post=20096"}],"wp:featuredmedia":[{"embeddable":true,"href":"https:\/\/www.lyrago.com.tr\/index.php?rest_route=\/wp\/v2\/media\/24619"}],"wp:attachment":[{"href":"https:\/\/www.lyrago.com.tr\/index.php?rest_route=%2Fwp%2Fv2%2Fmedia&parent=20096"}],"wp:term":[{"taxonomy":"product_brand","embeddable":true,"href":"https:\/\/www.lyrago.com.tr\/index.php?rest_route=%2Fwp%2Fv2%2Fproduct_brand&post=20096"},{"taxonomy":"product_cat","embeddable":true,"href":"https:\/\/www.lyrago.com.tr\/index.php?rest_route=%2Fwp%2Fv2%2Fproduct_cat&post=20096"},{"taxonomy":"product_tag","embeddable":true,"href":"https:\/\/www.lyrago.com.tr\/index.php?rest_route=%2Fwp%2Fv2%2Fproduct_tag&post=20096"}],"curies":[{"name":"wp","href":"https:\/\/api.w.org\/{rel}","templated":true}]}}