{"id":20074,"date":"2025-11-10T11:17:27","date_gmt":"2025-11-10T08:17:27","guid":{"rendered":"https:\/\/www.lyrago.com.tr\/?product=0544-310-trk-turkuaz-plastik-kalem-16229"},"modified":"2026-04-19T06:19:49","modified_gmt":"2026-04-19T03:19:49","slug":"0544-310-trk-turkuaz-plastik-kalem-16229","status":"publish","type":"product","link":"https:\/\/www.lyrago.com.tr\/?product=0544-310-trk-turkuaz-plastik-kalem-16229","title":{"rendered":"0544-310-TRK Turkuaz Plastik Kalem"},"content":{"rendered":"<ul>\n<li> Mekanizma: Basmal\u0131\n<li> Bask\u0131: UV, Tampon, Domeks\n<li> Telefon Tutucu: Var\n<li> Paket Adeti: 100\n<li> Koli Adeti: 2000\n<li> Yerli \u00dcretim<\/li>\n<\/ul>\n","protected":false},"excerpt":{"rendered":"<p>Mekanizma: Basmal\u0131 Bask\u0131: UV, Tampon, Domeks Telefon Tutucu: Var Paket Adeti: 100 Koli Adeti: 2000 Yerli \u00dcretim<\/p>\n","protected":false},"featured_media":24574,"comment_status":"open","ping_status":"closed","template":"","meta":{"_monsterinsights_skip_tracking":false,"_monsterinsights_sitenote_active":false,"_monsterinsights_sitenote_note":"","_monsterinsights_sitenote_category":0},"product_brand":[],"product_cat":[224],"product_tag":[],"class_list":{"0":"post-20074","1":"product","2":"type-product","3":"status-publish","4":"has-post-thumbnail","6":"product_cat-plastik-kalemler-83","7":"pa_ie-nt-kirmizi-urun-hayir","8":"pa_ie-nt-renk-beyaz","9":"pa_ie-nt-renk-kirmizi","10":"pa_ie-nt-renk-lacivert","11":"pa_ie-nt-renk-mor","12":"pa_ie-nt-renk-sari","13":"pa_ie-nt-renk-siyah","14":"pa_ie-nt-renk-turkuaz","15":"pa_ie-nt-renk-turuncu","16":"pa_ie-nt-renk-yesil","17":"pa_ie-nt-uretim-evet","19":"first","20":"instock","21":"taxable","22":"shipping-taxable","23":"purchasable","24":"product-type-variable","25":"has-default-attributes"},"aioseo_notices":[],"_links":{"self":[{"href":"https:\/\/www.lyrago.com.tr\/index.php?rest_route=\/wp\/v2\/product\/20074","targetHints":{"allow":["GET"]}}],"collection":[{"href":"https:\/\/www.lyrago.com.tr\/index.php?rest_route=\/wp\/v2\/product"}],"about":[{"href":"https:\/\/www.lyrago.com.tr\/index.php?rest_route=\/wp\/v2\/types\/product"}],"replies":[{"embeddable":true,"href":"https:\/\/www.lyrago.com.tr\/index.php?rest_route=%2Fwp%2Fv2%2Fcomments&post=20074"}],"wp:featuredmedia":[{"embeddable":true,"href":"https:\/\/www.lyrago.com.tr\/index.php?rest_route=\/wp\/v2\/media\/24574"}],"wp:attachment":[{"href":"https:\/\/www.lyrago.com.tr\/index.php?rest_route=%2Fwp%2Fv2%2Fmedia&parent=20074"}],"wp:term":[{"taxonomy":"product_brand","embeddable":true,"href":"https:\/\/www.lyrago.com.tr\/index.php?rest_route=%2Fwp%2Fv2%2Fproduct_brand&post=20074"},{"taxonomy":"product_cat","embeddable":true,"href":"https:\/\/www.lyrago.com.tr\/index.php?rest_route=%2Fwp%2Fv2%2Fproduct_cat&post=20074"},{"taxonomy":"product_tag","embeddable":true,"href":"https:\/\/www.lyrago.com.tr\/index.php?rest_route=%2Fwp%2Fv2%2Fproduct_tag&post=20074"}],"curies":[{"name":"wp","href":"https:\/\/api.w.org\/{rel}","templated":true}]}}