{"id":19908,"date":"2025-11-10T11:16:45","date_gmt":"2025-11-10T08:16:45","guid":{"rendered":"https:\/\/www.lyrago.com.tr\/?product=w530-ebru-masa-seti-16472"},"modified":"2026-04-19T02:43:40","modified_gmt":"2026-04-18T23:43:40","slug":"w530-ebru-masa-seti-16472","status":"publish","type":"product","link":"https:\/\/www.lyrago.com.tr\/?product=w530-ebru-masa-seti-16472","title":{"rendered":"W530 Ebru Masa Seti"},"content":{"rendered":"<ul>\n<li> 1: Kalem Seti\n<li> 2: Kalemlik\n<li> 3: Telefon Stand\u0131\n<li> 4: K\u00fcp Notluk\n<li> 5: Notluk\n<li> 6: Kartvizitlik\n<li> \u00d6zel Deri \u00c7antal\u0131<\/li>\n<\/ul>\n","protected":false},"excerpt":{"rendered":"<p>1: Kalem Seti 2: Kalemlik 3: Telefon Stand\u0131 4: K\u00fcp Notluk 5: Notluk 6: Kartvizitlik \u00d6zel Deri \u00c7antal\u0131<\/p>\n","protected":false},"featured_media":24285,"comment_status":"open","ping_status":"closed","template":"","meta":{"_monsterinsights_skip_tracking":false,"_monsterinsights_sitenote_active":false,"_monsterinsights_sitenote_note":"","_monsterinsights_sitenote_category":0},"product_brand":[],"product_cat":[240],"product_tag":[],"class_list":{"0":"post-19908","1":"product","2":"type-product","3":"status-publish","4":"has-post-thumbnail","6":"product_cat-masa-sumenleri-78","7":"pa_ie-nt-kirmizi-urun-evet","8":"pa_ie-nt-uretim-evet","10":"first","11":"instock","12":"taxable","13":"shipping-taxable","14":"purchasable","15":"product-type-simple"},"aioseo_notices":[],"_links":{"self":[{"href":"https:\/\/www.lyrago.com.tr\/index.php?rest_route=\/wp\/v2\/product\/19908","targetHints":{"allow":["GET"]}}],"collection":[{"href":"https:\/\/www.lyrago.com.tr\/index.php?rest_route=\/wp\/v2\/product"}],"about":[{"href":"https:\/\/www.lyrago.com.tr\/index.php?rest_route=\/wp\/v2\/types\/product"}],"replies":[{"embeddable":true,"href":"https:\/\/www.lyrago.com.tr\/index.php?rest_route=%2Fwp%2Fv2%2Fcomments&post=19908"}],"wp:featuredmedia":[{"embeddable":true,"href":"https:\/\/www.lyrago.com.tr\/index.php?rest_route=\/wp\/v2\/media\/24285"}],"wp:attachment":[{"href":"https:\/\/www.lyrago.com.tr\/index.php?rest_route=%2Fwp%2Fv2%2Fmedia&parent=19908"}],"wp:term":[{"taxonomy":"product_brand","embeddable":true,"href":"https:\/\/www.lyrago.com.tr\/index.php?rest_route=%2Fwp%2Fv2%2Fproduct_brand&post=19908"},{"taxonomy":"product_cat","embeddable":true,"href":"https:\/\/www.lyrago.com.tr\/index.php?rest_route=%2Fwp%2Fv2%2Fproduct_cat&post=19908"},{"taxonomy":"product_tag","embeddable":true,"href":"https:\/\/www.lyrago.com.tr\/index.php?rest_route=%2Fwp%2Fv2%2Fproduct_tag&post=19908"}],"curies":[{"name":"wp","href":"https:\/\/api.w.org\/{rel}","templated":true}]}}