{"id":19297,"date":"2025-11-10T11:14:28","date_gmt":"2025-11-10T08:14:28","guid":{"rendered":"https:\/\/www.lyrago.com.tr\/?product=vlz-01-gm-gumus-valiz-etiketi-17315"},"modified":"2026-04-19T07:33:10","modified_gmt":"2026-04-19T04:33:10","slug":"vlz-01-gm-gumus-valiz-etiketi-17315","status":"publish","type":"product","link":"https:\/\/www.lyrago.com.tr\/?product=vlz-01-gm-gumus-valiz-etiketi-17315","title":{"rendered":"VLZ-01-GM G\u00fcm\u00fc\u015f Valiz Etiketi"},"content":{"rendered":"<ul>\n<li> Ebat: 8 x 4.3 cm\n<li> Malzeme: Metal\n<li> Bask\u0131: UV, Lazer<\/li>\n<\/ul>\n","protected":false},"excerpt":{"rendered":"<p>Ebat: 8 x 4.3 cm Malzeme: Metal Bask\u0131: UV, Lazer<\/p>\n","protected":false},"featured_media":23134,"comment_status":"open","ping_status":"closed","template":"","meta":{"_monsterinsights_skip_tracking":false,"_monsterinsights_sitenote_active":false,"_monsterinsights_sitenote_note":"","_monsterinsights_sitenote_category":0},"product_brand":[],"product_cat":[212],"product_tag":[],"class_list":{"0":"post-19297","1":"product","2":"type-product","3":"status-publish","4":"has-post-thumbnail","6":"product_cat-arac-ve-gerecler-30","7":"pa_ie-nt-ebat-8-x-43-cm","8":"pa_ie-nt-kirmizi-urun-hayir","9":"pa_ie-nt-renk-beyaz","10":"pa_ie-nt-renk-gumus","11":"pa_ie-nt-renk-kirmizi","12":"pa_ie-nt-renk-lacivert","13":"pa_ie-nt-renk-siyah","14":"pa_ie-nt-uretim-hayir","16":"first","17":"onbackorder","18":"taxable","19":"shipping-taxable","20":"purchasable","21":"product-type-variable","22":"has-default-attributes"},"aioseo_notices":[],"_links":{"self":[{"href":"https:\/\/www.lyrago.com.tr\/index.php?rest_route=\/wp\/v2\/product\/19297","targetHints":{"allow":["GET"]}}],"collection":[{"href":"https:\/\/www.lyrago.com.tr\/index.php?rest_route=\/wp\/v2\/product"}],"about":[{"href":"https:\/\/www.lyrago.com.tr\/index.php?rest_route=\/wp\/v2\/types\/product"}],"replies":[{"embeddable":true,"href":"https:\/\/www.lyrago.com.tr\/index.php?rest_route=%2Fwp%2Fv2%2Fcomments&post=19297"}],"wp:featuredmedia":[{"embeddable":true,"href":"https:\/\/www.lyrago.com.tr\/index.php?rest_route=\/wp\/v2\/media\/23134"}],"wp:attachment":[{"href":"https:\/\/www.lyrago.com.tr\/index.php?rest_route=%2Fwp%2Fv2%2Fmedia&parent=19297"}],"wp:term":[{"taxonomy":"product_brand","embeddable":true,"href":"https:\/\/www.lyrago.com.tr\/index.php?rest_route=%2Fwp%2Fv2%2Fproduct_brand&post=19297"},{"taxonomy":"product_cat","embeddable":true,"href":"https:\/\/www.lyrago.com.tr\/index.php?rest_route=%2Fwp%2Fv2%2Fproduct_cat&post=19297"},{"taxonomy":"product_tag","embeddable":true,"href":"https:\/\/www.lyrago.com.tr\/index.php?rest_route=%2Fwp%2Fv2%2Fproduct_tag&post=19297"}],"curies":[{"name":"wp","href":"https:\/\/api.w.org\/{rel}","templated":true}]}}