{"id":19206,"date":"2025-11-10T11:14:05","date_gmt":"2025-11-10T08:14:05","guid":{"rendered":"https:\/\/www.lyrago.com.tr\/?product=0544-160-l-lacivert-plastik-kalem-17419"},"modified":"2026-04-19T03:10:33","modified_gmt":"2026-04-19T00:10:33","slug":"0544-160-l-lacivert-plastik-kalem-17419","status":"publish","type":"product","link":"https:\/\/www.lyrago.com.tr\/?product=0544-160-l-lacivert-plastik-kalem-17419","title":{"rendered":"0544-160-L Lacivert Plastik Kalem"},"content":{"rendered":"<ul>\n<li> Mekanizma: Basmal\u0131\n<li> Bask\u0131: UV, Tampon\n<li> Paket Adeti: 100\n<li> Koli Adeti: 2000\n<li> Yerli \u00dcretim<\/li>\n<\/ul>\n","protected":false},"excerpt":{"rendered":"<p>Mekanizma: Basmal\u0131 Bask\u0131: UV, Tampon Paket Adeti: 100 Koli Adeti: 2000 Yerli \u00dcretim<\/p>\n","protected":false},"featured_media":23016,"comment_status":"open","ping_status":"closed","template":"","meta":{"_monsterinsights_skip_tracking":false,"_monsterinsights_sitenote_active":false,"_monsterinsights_sitenote_note":"","_monsterinsights_sitenote_category":0},"product_brand":[],"product_cat":[224],"product_tag":[],"class_list":{"0":"post-19206","1":"product","2":"type-product","3":"status-publish","4":"has-post-thumbnail","6":"product_cat-plastik-kalemler-83","7":"pa_ie-nt-kirmizi-urun-hayir","8":"pa_ie-nt-renk-beyaz","9":"pa_ie-nt-renk-kirmizi","10":"pa_ie-nt-renk-lacivert","11":"pa_ie-nt-renk-sari","12":"pa_ie-nt-renk-siyah","13":"pa_ie-nt-renk-yesil","14":"pa_ie-nt-uretim-evet","16":"first","17":"instock","18":"taxable","19":"shipping-taxable","20":"purchasable","21":"product-type-variable","22":"has-default-attributes"},"aioseo_notices":[],"_links":{"self":[{"href":"https:\/\/www.lyrago.com.tr\/index.php?rest_route=\/wp\/v2\/product\/19206","targetHints":{"allow":["GET"]}}],"collection":[{"href":"https:\/\/www.lyrago.com.tr\/index.php?rest_route=\/wp\/v2\/product"}],"about":[{"href":"https:\/\/www.lyrago.com.tr\/index.php?rest_route=\/wp\/v2\/types\/product"}],"replies":[{"embeddable":true,"href":"https:\/\/www.lyrago.com.tr\/index.php?rest_route=%2Fwp%2Fv2%2Fcomments&post=19206"}],"wp:featuredmedia":[{"embeddable":true,"href":"https:\/\/www.lyrago.com.tr\/index.php?rest_route=\/wp\/v2\/media\/23016"}],"wp:attachment":[{"href":"https:\/\/www.lyrago.com.tr\/index.php?rest_route=%2Fwp%2Fv2%2Fmedia&parent=19206"}],"wp:term":[{"taxonomy":"product_brand","embeddable":true,"href":"https:\/\/www.lyrago.com.tr\/index.php?rest_route=%2Fwp%2Fv2%2Fproduct_brand&post=19206"},{"taxonomy":"product_cat","embeddable":true,"href":"https:\/\/www.lyrago.com.tr\/index.php?rest_route=%2Fwp%2Fv2%2Fproduct_cat&post=19206"},{"taxonomy":"product_tag","embeddable":true,"href":"https:\/\/www.lyrago.com.tr\/index.php?rest_route=%2Fwp%2Fv2%2Fproduct_tag&post=19206"}],"curies":[{"name":"wp","href":"https:\/\/api.w.org\/{rel}","templated":true}]}}