{"id":18816,"date":"2025-11-10T11:12:49","date_gmt":"2025-11-10T08:12:49","guid":{"rendered":"https:\/\/www.lyrago.com.tr\/?product=pwb-160-b-beyaz-magsafe-powerbank-17743"},"modified":"2026-04-18T23:00:30","modified_gmt":"2026-04-18T20:00:30","slug":"pwb-160-b-beyaz-magsafe-powerbank-17743","status":"publish","type":"product","link":"https:\/\/www.lyrago.com.tr\/?product=pwb-160-b-beyaz-magsafe-powerbank-17743","title":{"rendered":"PWB-160-B Beyaz MagSafe Powerbank"},"content":{"rendered":"<ul>\n<li> G\u00f6sterge: 3. Nesil LCD\n<li> Giri\u015f: Type C DC 5V\/2A\n<li> \u00c7\u0131k\u0131\u015f: Wireless 5W \/ USB DC 5V\/2A\n<li> Kasa Malzemesi: ABS\n<li> Bask\u0131: UV Renkli\n<li> Kutu: Var<\/li>\n<\/ul>\n","protected":false},"excerpt":{"rendered":"<p>G\u00f6sterge: 3. Nesil LCD Giri\u015f: Type C DC 5V\/2A \u00c7\u0131k\u0131\u015f: Wireless 5W \/ USB DC 5V\/2A Kasa Malzemesi: ABS Bask\u0131: UV Renkli Kutu: Var<\/p>\n","protected":false},"featured_media":22222,"comment_status":"open","ping_status":"closed","template":"","meta":{"_monsterinsights_skip_tracking":false,"_monsterinsights_sitenote_active":false,"_monsterinsights_sitenote_note":"","_monsterinsights_sitenote_category":0},"product_brand":[],"product_cat":[245],"product_tag":[],"class_list":{"0":"post-18816","1":"product","2":"type-product","3":"status-publish","4":"has-post-thumbnail","6":"product_cat-powerbank-101","7":"pa_ie-nt-ebat-10-000-mah","8":"pa_ie-nt-kirmizi-urun-hayir","9":"pa_ie-nt-renk-beyaz","10":"pa_ie-nt-renk-siyah","11":"pa_ie-nt-uretim-hayir","13":"first","14":"instock","15":"taxable","16":"shipping-taxable","17":"purchasable","18":"product-type-variable","19":"has-default-attributes"},"aioseo_notices":[],"_links":{"self":[{"href":"https:\/\/www.lyrago.com.tr\/index.php?rest_route=\/wp\/v2\/product\/18816","targetHints":{"allow":["GET"]}}],"collection":[{"href":"https:\/\/www.lyrago.com.tr\/index.php?rest_route=\/wp\/v2\/product"}],"about":[{"href":"https:\/\/www.lyrago.com.tr\/index.php?rest_route=\/wp\/v2\/types\/product"}],"replies":[{"embeddable":true,"href":"https:\/\/www.lyrago.com.tr\/index.php?rest_route=%2Fwp%2Fv2%2Fcomments&post=18816"}],"wp:featuredmedia":[{"embeddable":true,"href":"https:\/\/www.lyrago.com.tr\/index.php?rest_route=\/wp\/v2\/media\/22222"}],"wp:attachment":[{"href":"https:\/\/www.lyrago.com.tr\/index.php?rest_route=%2Fwp%2Fv2%2Fmedia&parent=18816"}],"wp:term":[{"taxonomy":"product_brand","embeddable":true,"href":"https:\/\/www.lyrago.com.tr\/index.php?rest_route=%2Fwp%2Fv2%2Fproduct_brand&post=18816"},{"taxonomy":"product_cat","embeddable":true,"href":"https:\/\/www.lyrago.com.tr\/index.php?rest_route=%2Fwp%2Fv2%2Fproduct_cat&post=18816"},{"taxonomy":"product_tag","embeddable":true,"href":"https:\/\/www.lyrago.com.tr\/index.php?rest_route=%2Fwp%2Fv2%2Fproduct_tag&post=18816"}],"curies":[{"name":"wp","href":"https:\/\/api.w.org\/{rel}","templated":true}]}}