{"id":18613,"date":"2025-11-10T11:11:47","date_gmt":"2025-11-10T08:11:47","guid":{"rendered":"https:\/\/www.lyrago.com.tr\/?product=endulus-k-kirmizi-tarihsiz-defter-17898"},"modified":"2026-04-19T02:57:36","modified_gmt":"2026-04-18T23:57:36","slug":"endulus-k-kirmizi-tarihsiz-defter-17898","status":"publish","type":"product","link":"https:\/\/www.lyrago.com.tr\/?product=endulus-k-kirmizi-tarihsiz-defter-17898","title":{"rendered":"End\u00fcl\u00fcs-K K\u0131rm\u0131z\u0131 Tarihsiz Defter"},"content":{"rendered":"<ul>\n<li> Ka\u011f\u0131t: 80 gr. Krem\n<li> Sayfa Say\u0131s\u0131: 224, \u00c7izgili\n<li> Kapak: Termo PU Sert Kapak\n<li> Bask\u0131: Gofre, Dijital, Serigrafi, Lazer\n<li> Metal Toka\n<li> Kenarlar Boyal\u0131\n<li> Karton K\u0131l\u0131f\n<li> Koli Adet: 40<\/li>\n<\/ul>\n","protected":false},"excerpt":{"rendered":"<p>Ka\u011f\u0131t: 80 gr. Krem Sayfa Say\u0131s\u0131: 224, \u00c7izgili Kapak: Termo PU Sert Kapak Bask\u0131: Gofre, Dijital, Serigrafi, Lazer Metal Toka Kenarlar Boyal\u0131 Karton K\u0131l\u0131f Koli Adet: 40<\/p>\n","protected":false},"featured_media":21869,"comment_status":"open","ping_status":"closed","template":"","meta":{"_monsterinsights_skip_tracking":false,"_monsterinsights_sitenote_active":false,"_monsterinsights_sitenote_note":"","_monsterinsights_sitenote_category":0},"product_brand":[],"product_cat":[220],"product_tag":[],"class_list":{"0":"post-18613","1":"product","2":"type-product","3":"status-publish","4":"has-post-thumbnail","6":"product_cat-defterler-25","7":"pa_ie-nt-ebat-155-x-215-cm","8":"pa_ie-nt-kirmizi-urun-hayir","9":"pa_ie-nt-renk-kirmizi","10":"pa_ie-nt-uretim-hayir","12":"first","13":"onbackorder","14":"taxable","15":"shipping-taxable","16":"purchasable","17":"product-type-simple"},"aioseo_notices":[],"_links":{"self":[{"href":"https:\/\/www.lyrago.com.tr\/index.php?rest_route=\/wp\/v2\/product\/18613","targetHints":{"allow":["GET"]}}],"collection":[{"href":"https:\/\/www.lyrago.com.tr\/index.php?rest_route=\/wp\/v2\/product"}],"about":[{"href":"https:\/\/www.lyrago.com.tr\/index.php?rest_route=\/wp\/v2\/types\/product"}],"replies":[{"embeddable":true,"href":"https:\/\/www.lyrago.com.tr\/index.php?rest_route=%2Fwp%2Fv2%2Fcomments&post=18613"}],"wp:featuredmedia":[{"embeddable":true,"href":"https:\/\/www.lyrago.com.tr\/index.php?rest_route=\/wp\/v2\/media\/21869"}],"wp:attachment":[{"href":"https:\/\/www.lyrago.com.tr\/index.php?rest_route=%2Fwp%2Fv2%2Fmedia&parent=18613"}],"wp:term":[{"taxonomy":"product_brand","embeddable":true,"href":"https:\/\/www.lyrago.com.tr\/index.php?rest_route=%2Fwp%2Fv2%2Fproduct_brand&post=18613"},{"taxonomy":"product_cat","embeddable":true,"href":"https:\/\/www.lyrago.com.tr\/index.php?rest_route=%2Fwp%2Fv2%2Fproduct_cat&post=18613"},{"taxonomy":"product_tag","embeddable":true,"href":"https:\/\/www.lyrago.com.tr\/index.php?rest_route=%2Fwp%2Fv2%2Fproduct_tag&post=18613"}],"curies":[{"name":"wp","href":"https:\/\/api.w.org\/{rel}","templated":true}]}}